{"id":551,"date":"2025-09-18T13:13:31","date_gmt":"2025-09-18T13:13:31","guid":{"rendered":"https:\/\/www.ipv-sladeck.de\/?page_id=551"},"modified":"2025-09-18T19:10:28","modified_gmt":"2025-09-18T19:10:28","slug":"test","status":"publish","type":"page","link":"https:\/\/www.ipv-sladeck.de\/","title":{"rendered":""},"content":{"rendered":"\n<h2 class=\"wp-block-heading\">\u00dcber uns<\/h2>\n\n\n\n<p>Unser Unternehmen ist im Projektmanagement t\u00e4tig und arbeitet dabei eng mit den Planungsabteilungen und produzierenden Mitarbeitern unserer Kunden zusammen.Wir bieteten ein breites T\u00e4tigkeitsfeld, sowie gro\u00dfe Erfahrungen im BereichProjektmanagement.<\/p>\n\n\n\n<p>Unsere Erfahrungen bieten Ihnen neue Blickwinkel und M\u00f6glichkeiten bei der Verwirklichung&nbsp;<br>Ihrer Vorhaben.<\/p>\n\n\n\n<p>Nehmen Sie mit uns Kontakt auf:&nbsp;<a href=\"mailto:info@ipv-sladeck.de\">info@ipv-sladeck.de<\/a><\/p>\n\n\n\n<h2 class=\"wp-block-heading\">Leistungen<\/h2>\n\n\n\n<p>Dies ist unsere Basis f\u00fcr die Beratung und Unterst\u00fctzung von Firmen jeder Gr\u00f6\u00dfe in den unterschiedlichsten Branchen. F\u00fcr Sie und gemeinsam mit Ihnen erarbeiten wir L\u00f6sungsvorschl\u00e4ge und Projektpl\u00e4ne als Teil- oder Gesamtl\u00f6sungen in Ihrem Unternehmen.<\/p>\n\n\n\n<p>Die Ausarbeitungen garantieren das Erreichen der bestm\u00f6glichen Ergebnisse Ihrer Unternehmensziele.<br>In jeder Projektphase- bei der Planung, bei der praktischen Umsetzung oder auch bei erforderlichen Prozessoptimierungen- stehen wir Ihnen mit unserem Wissen zur Seite.<\/p>\n\n\n\n<p>Jederzeit k\u00f6nnen wir dabei zus\u00e4tzlich auf die Unterst\u00fctzung von langj\u00e4hrig erfahrenen, kompetenten und verl\u00e4sslichen Partnern zur\u00fcckgreifen.&nbsp;<br>Aufgrund bisheriger Projekte sind wir spezialisiert auf Konzeptplanungen in verschiedenen Bereichen der Automobilbranche und Holzwerkstoffindustrie. Unsere Kenntnisse k\u00f6nnen jedoch&nbsp;jederzeit auch in anderen Arbeitsgebieten anwendet werden.<\/p>\n\n\n\n<p>Im Oktober 2023 wurde unser ISMS durch die DEKRA auf das Schutzziel \u201elevel high\u201c \u00fcberpr\u00fcft.<\/p>\n\n\n\n<p>Die ENX Association unterst\u00fctzt im Namen von TISAX (Trusted Information Security Assessment Exchange)&nbsp;die allgemeine Anerkennung von Informationssicherheitsbewertungen in der Automobilindustrie.&nbsp;TISAX und TISAX-Ergebnisse sind nicht f\u00fcr die breite \u00d6ffentlichkeit bestimmt.&nbsp;F\u00fcr uns haben Vertraulichkeit, Verf\u00fcgbarkeit und Integrit\u00e4t der Informationen einen hohen Stellenwert&nbsp;Wert.&nbsp;Daher haben wir haben umfangreiche Ma\u00dfnahmen zum Schutz sensibler und vertraulicher Informationen ergriffen.&nbsp;Wir orientieren uns am Fragenkatalog Informationssicherheit des Deutschen Verbandes der Deutschen Gesellschaft f\u00fcr Informationssicherheit&nbsp;Automobilindustrie (VDA ISA).&nbsp;Die Bewertung wurde von einem Pr\u00fcfdienstleister (DEKRA) durchgef\u00fchrt.&nbsp;Das Ergebnis ist ausschlie\u00dflich \u00fcber das ENX-Portal abrufbar.<\/p>\n\n\n\n<figure class=\"wp-block-image size-medium is-style-default\"><img loading=\"lazy\" decoding=\"async\" width=\"300\" height=\"190\" src=\"https:\/\/www.ipv-sladeck.de\/wp-content\/uploads\/2023\/11\/TISAX-Result-ohne-Verlauf-300x190.jpg\" alt=\"\" class=\"wp-image-542\" srcset=\"https:\/\/www.ipv-sladeck.de\/wp-content\/uploads\/2023\/11\/TISAX-Result-ohne-Verlauf-300x190.jpg 300w, https:\/\/www.ipv-sladeck.de\/wp-content\/uploads\/2023\/11\/TISAX-Result-ohne-Verlauf-1024x650.jpg 1024w, https:\/\/www.ipv-sladeck.de\/wp-content\/uploads\/2023\/11\/TISAX-Result-ohne-Verlauf-768x487.jpg 768w, https:\/\/www.ipv-sladeck.de\/wp-content\/uploads\/2023\/11\/TISAX-Result-ohne-Verlauf-1536x975.jpg 1536w, https:\/\/www.ipv-sladeck.de\/wp-content\/uploads\/2023\/11\/TISAX-Result-ohne-Verlauf-1500x952.jpg 1500w, https:\/\/www.ipv-sladeck.de\/wp-content\/uploads\/2023\/11\/TISAX-Result-ohne-Verlauf-705x447.jpg 705w, https:\/\/www.ipv-sladeck.de\/wp-content\/uploads\/2023\/11\/TISAX-Result-ohne-Verlauf-450x286.jpg 450w, https:\/\/www.ipv-sladeck.de\/wp-content\/uploads\/2023\/11\/TISAX-Result-ohne-Verlauf.jpg 1836w\" sizes=\"auto, (max-width: 300px) 100vw, 300px\" \/><\/figure>\n\n\n\n<h2 class=\"wp-block-heading\">Portfolio<\/h2>\n\n\n\n<p>Das Ingenieurb\u00fcro Kay Sladeck besteht seit Juni 2003.<\/p>\n\n\n\n<p>Seit Bestehen unseres Unternehmens konnten wir in\u00a0 in folgenden Bereichen erfolgreich Projekte umsetzen:<\/p>\n\n\n\n<div class=\"wp-block-columns is-layout-flex wp-container-core-columns-is-layout-9d6595d7 wp-block-columns-is-layout-flex\">\n<div class=\"wp-block-column is-layout-flow wp-block-column-is-layout-flow\">\n<ul class=\"wp-block-list\">\n<li>Ideenfindung<\/li>\n\n\n\n<li>Fabrik-, Produktions- und Fertigungsplanung<\/li>\n\n\n\n<li>Layoutplanung und -erstellung<\/li>\n\n\n\n<li>Erstellung von Ausschreibungsunterlagen \/ Lastenheften<\/li>\n\n\n\n<li>Angebotseinholung , -auswertung und Erstellung von Vergabevorschl\u00e4gen<\/li>\n\n\n\n<li>Koordination von Aufbauaktivit\u00e4ten<\/li>\n\n\n\n<li>Inbetriebnahmebetreuung und Abnahme von Anlagen in Auftrag des Kunden<\/li>\n<\/ul>\n<\/div>\n\n\n\n<div class=\"wp-block-column is-layout-flow wp-block-column-is-layout-flow\">\n<ul class=\"wp-block-list\">\n<li>Kostencontrolling innerhalb der Projekte<\/li>\n\n\n\n<li>Prozessoptimierung bestehender Fertigungsabl\u00e4ufe<\/li>\n\n\n\n<li>\u00c4nderungsmanagement<\/li>\n\n\n\n<li>Projektdokumentation<\/li>\n\n\n\n<li>QM- Management<\/li>\n\n\n\n<li>Beratungsdienstleistungen<\/li>\n<\/ul>\n<\/div>\n<\/div>\n\n\n\n<p>F\u00fcr Sie und gemeinsam mit Ihnen erarbeiten wir L\u00f6sungsvorschl\u00e4ge und Projektpl\u00e4ne als Teil- oder Gesamtl\u00f6sungen in Ihrem Unternehmen.<br>Die Ausarbeitungen garantieren das Erreichen der bestm\u00f6glichen Ergebnisse Ihrer Unternehmensziele.<\/p>\n\n\n\n<p>In jeder Projektphase- bei der Planung, bei der praktischen Umsetzung oder auch bei erforderlichen Prozessoptimierungen- stehen wir Ihnen mit unserem Wissen zur Seite.<br>Jederzeit k\u00f6nnen wir dabei zus\u00e4tzlich auf die Unterst\u00fctzung von langj\u00e4hrig erfahrenen, kompetenten und verl\u00e4sslichen Partnern zur\u00fcckgreifen.&nbsp;<\/p>\n\n\n\n<p>Aufgrund bisheriger Projekte sind wir spezialisiert auf Konzeptplanungen in verschiedenen Bereichen der Automobilbranche. Unsere Kenntnisse k\u00f6nnen jedoch\u00a0<br>jederzeit auch in anderen Arbeitsgebieten anwendet werden.<\/p>\n","protected":false},"excerpt":{"rendered":"<p>\u00dcber uns Unser Unternehmen ist im Projektmanagement t\u00e4tig und arbeitet dabei eng mit den Planungsabteilungen und produzierenden Mitarbeitern unserer Kunden zusammen.Wir bieteten ein breites T\u00e4tigkeitsfeld, sowie gro\u00dfe Erfahrungen im BereichProjektmanagement. Unsere Erfahrungen bieten Ihnen neue&hellip;<\/p>\n","protected":false},"author":1,"featured_media":0,"parent":0,"menu_order":0,"comment_status":"closed","ping_status":"closed","template":"","meta":{"footnotes":""},"class_list":["post-551","page","type-page","status-publish","hentry"],"_links":{"self":[{"href":"https:\/\/www.ipv-sladeck.de\/index.php?rest_route=\/wp\/v2\/pages\/551","targetHints":{"allow":["GET"]}}],"collection":[{"href":"https:\/\/www.ipv-sladeck.de\/index.php?rest_route=\/wp\/v2\/pages"}],"about":[{"href":"https:\/\/www.ipv-sladeck.de\/index.php?rest_route=\/wp\/v2\/types\/page"}],"author":[{"embeddable":true,"href":"https:\/\/www.ipv-sladeck.de\/index.php?rest_route=\/wp\/v2\/users\/1"}],"replies":[{"embeddable":true,"href":"https:\/\/www.ipv-sladeck.de\/index.php?rest_route=%2Fwp%2Fv2%2Fcomments&post=551"}],"version-history":[{"count":8,"href":"https:\/\/www.ipv-sladeck.de\/index.php?rest_route=\/wp\/v2\/pages\/551\/revisions"}],"predecessor-version":[{"id":582,"href":"https:\/\/www.ipv-sladeck.de\/index.php?rest_route=\/wp\/v2\/pages\/551\/revisions\/582"}],"wp:attachment":[{"href":"https:\/\/www.ipv-sladeck.de\/index.php?rest_route=%2Fwp%2Fv2%2Fmedia&parent=551"}],"curies":[{"name":"wp","href":"https:\/\/api.w.org\/{rel}","templated":true}]}}