{"id":560,"date":"2025-09-18T13:35:23","date_gmt":"2025-09-18T13:35:23","guid":{"rendered":"https:\/\/www.ipv-sladeck.de\/?page_id=560"},"modified":"2025-09-18T13:35:23","modified_gmt":"2025-09-18T13:35:23","slug":"impressum-2","status":"publish","type":"page","link":"https:\/\/www.ipv-sladeck.de\/?page_id=560","title":{"rendered":"Impressum"},"content":{"rendered":"\n<p>Ingenieurb\u00fcro Kay Sladeck<br>Holunderring 24<br>38471 R\u00fchen<br>Tel. 05367 &#8211; 97 80 12 9<br>Fax. 05367 &#8211; 97 80 15 4<br>E-Mail: info@ipv-sladeck.de<\/p>\n\n\n\n<p><strong>Vertretungsberechtigter:<\/strong><br>Herr Kay Sladeck<\/p>\n\n\n\n<p><strong>Umsatzsteuer-Identifikationsnummer<br><\/strong><strong>gem\u00e4\u00df \u00a7 27 a Umsatzsteuergesetz:<\/strong><br>DE227958680<\/p>\n\n\n\n<p><strong>Inhaltlich Verantwortlicher gem\u00e4\u00df \u00a7 10 Absatz 3 MDStV:<br><\/strong>Herr Kay Sladeck (Anschrift siehe oben)<\/p>\n\n\n\n<h3 class=\"wp-block-heading\">Haftungshinweis<\/h3>\n\n\n\n<p>Trotz sorgf\u00e4ltiger inhaltlicher Kontrolle \u00fcbernehmen wir keine Haftung f\u00fcr die Inhalte externer Links. F\u00fcr den Inhalt der verlinkten Seiten sind ausschlie\u00dflich deren Betreiber verantwortlich.<\/p>\n\n\n\n<h3 class=\"wp-block-heading\">Datenschutzerkl\u00e4rung<\/h3>\n\n\n\n<p>Alles zum Thema Datenschutzerkl\u00e4rung und Datenerhebung finden Sie in unserer separaten Datenschutzerkl\u00e4rung.<\/p>\n\n\n\n<h3 class=\"wp-block-heading\"><strong>Schutzrechtsverletzung:<\/strong><\/h3>\n\n\n\n<p>Falls Sie vermuten, dass von dieser Website aus eines Ihrer Schutzrechte verletzt wird, teilen Sie das bitte umgehend per elektronischer Post mit, damit z\u00fcgig Abhilfe geschafft werden kann. Bitte nehmen Sie zur Kenntnis: Die zeitaufw\u00e4ndigere Einschaltung eines Anwaltes zur f\u00fcr den Diensteanbieter kostenpflichtigen Abmahnung entspricht nicht dessen wirklichen oder mutma\u00dflichen Willen.<br><\/p>\n\n\n\n<p><br><\/p>\n","protected":false},"excerpt":{"rendered":"<p>Ingenieurb\u00fcro Kay SladeckHolunderring 2438471 R\u00fchenTel. 05367 &#8211; 97 80 12 9Fax. 05367 &#8211; 97 80 15 4E-Mail: info@ipv-sladeck.de Vertretungsberechtigter:Herr Kay Sladeck Umsatzsteuer-Identifikationsnummergem\u00e4\u00df \u00a7 27 a Umsatzsteuergesetz:DE227958680 Inhaltlich Verantwortlicher gem\u00e4\u00df \u00a7 10 Absatz 3 MDStV:Herr Kay&hellip;<\/p>\n","protected":false},"author":1,"featured_media":0,"parent":0,"menu_order":0,"comment_status":"closed","ping_status":"closed","template":"","meta":{"footnotes":""},"class_list":["post-560","page","type-page","status-publish","hentry"],"_links":{"self":[{"href":"https:\/\/www.ipv-sladeck.de\/index.php?rest_route=\/wp\/v2\/pages\/560","targetHints":{"allow":["GET"]}}],"collection":[{"href":"https:\/\/www.ipv-sladeck.de\/index.php?rest_route=\/wp\/v2\/pages"}],"about":[{"href":"https:\/\/www.ipv-sladeck.de\/index.php?rest_route=\/wp\/v2\/types\/page"}],"author":[{"embeddable":true,"href":"https:\/\/www.ipv-sladeck.de\/index.php?rest_route=\/wp\/v2\/users\/1"}],"replies":[{"embeddable":true,"href":"https:\/\/www.ipv-sladeck.de\/index.php?rest_route=%2Fwp%2Fv2%2Fcomments&post=560"}],"version-history":[{"count":1,"href":"https:\/\/www.ipv-sladeck.de\/index.php?rest_route=\/wp\/v2\/pages\/560\/revisions"}],"predecessor-version":[{"id":561,"href":"https:\/\/www.ipv-sladeck.de\/index.php?rest_route=\/wp\/v2\/pages\/560\/revisions\/561"}],"wp:attachment":[{"href":"https:\/\/www.ipv-sladeck.de\/index.php?rest_route=%2Fwp%2Fv2%2Fmedia&parent=560"}],"curies":[{"name":"wp","href":"https:\/\/api.w.org\/{rel}","templated":true}]}}